{"id":15,"date":"2024-12-05T20:27:21","date_gmt":"2024-12-05T20:27:21","guid":{"rendered":"https:\/\/asvamida.digitalvoid.space\/paskyra\/"},"modified":"2025-04-27T16:39:14","modified_gmt":"2025-04-27T16:39:14","slug":"paskyra","status":"publish","type":"page","link":"https:\/\/www.asvamida.digitalvoid.space\/lt_lt\/paskyra\/","title":{"rendered":"Paskyra"},"content":{"rendered":"\t\t<div data-elementor-type=\"wp-page\" data-elementor-id=\"15\" class=\"elementor elementor-15\" data-elementor-post-type=\"page\">\n\t\t\t\t<div class=\"elementor-element elementor-element-8ebc2 e-flex e-con-boxed e-con e-parent\" data-id=\"8ebc2\" data-element_type=\"container\">\n\t\t\t\t\t<div class=\"e-con-inner\">\n\t\t\t\t<div class=\"elementor-element elementor-element-27a7754 e-my-account-tabs-horizontal elementor-widget elementor-widget-woocommerce-my-account\" data-id=\"27a7754\" data-element_type=\"widget\" data-widget_type=\"woocommerce-my-account.default\">\n\t\t\t\t<div class=\"elementor-widget-container\">\n\t\t\t\t\t<div class=\"e-my-account-tab e-my-account-tab__ \">\t\t\t<div class=\"woocommerce\"><div class=\"woocommerce-notices-wrapper\"><\/div>\n\n\t\t<h2>Prisijungti<\/h2>\n\n\t\t<form class=\"woocommerce-form woocommerce-form-login login\" method=\"post\" novalidate>\n\n\t\t\t\n\t\t\t<p class=\"woocommerce-form-row woocommerce-form-row--wide form-row form-row-wide\">\n\t\t\t\t<label for=\"username\">Vartotojo vardas arba el. pa\u0161tas&nbsp;<span class=\"required\" aria-hidden=\"true\">*<\/span><span class=\"screen-reader-text\">Privalomas<\/span><\/label>\n\t\t\t\t<input type=\"text\" class=\"woocommerce-Input woocommerce-Input--text input-text\" name=\"username\" id=\"username\" autocomplete=\"username\" value=\"\" required aria-required=\"true\" \/>\t\t\t<\/p>\n\t\t\t<p class=\"woocommerce-form-row woocommerce-form-row--wide form-row form-row-wide\">\n\t\t\t\t<label for=\"password\">Slapta\u017eodis&nbsp;<span class=\"required\" aria-hidden=\"true\">*<\/span><span class=\"screen-reader-text\">Privalomas<\/span><\/label>\n\t\t\t\t<input class=\"woocommerce-Input woocommerce-Input--text input-text\" type=\"password\" name=\"password\" id=\"password\" autocomplete=\"current-password\" required aria-required=\"true\" \/>\n\t\t\t<\/p>\n\n\t\t\t\n\t\t\t<p class=\"form-row\">\n\t\t\t\t<label class=\"woocommerce-form__label woocommerce-form__label-for-checkbox woocommerce-form-login__rememberme\">\n\t\t\t\t\t<input class=\"woocommerce-form__input woocommerce-form__input-checkbox\" name=\"rememberme\" type=\"checkbox\" id=\"rememberme\" value=\"forever\" \/> <span>Prisiminti mane<\/span>\n\t\t\t\t<\/label>\n\t\t\t\t<input type=\"hidden\" id=\"woocommerce-login-nonce\" name=\"woocommerce-login-nonce\" value=\"cd22b1599f\" \/><input type=\"hidden\" name=\"_wp_http_referer\" value=\"\/lt_lt\/wp-json\/wp\/v2\/pages\/15\" \/>\t\t\t\t<button type=\"submit\" class=\"woocommerce-button button woocommerce-form-login__submit\" name=\"login\" value=\"Prisijungti\">Prisijungti<\/button>\n\t\t\t<\/p>\n\t\t\t<p class=\"woocommerce-LostPassword lost_password\">\n\t\t\t\t<a href=\"https:\/\/www.asvamida.digitalvoid.space\/lt_lt\/paskyra\/lost-password\/\">Praradote savo slapta\u017eod\u012f?<\/a>\n\t\t\t<\/p>\n\n\t\t\t\n\t\t<\/form>\n\n\n<\/div>\t\t<\/div>\n\t\t\t\t\t\t<\/div>\n\t\t\t\t<\/div>\n\t\t\t\t\t<\/div>\n\t\t\t\t<\/div>\n\t\t\t\t<\/div>\n\t\t","protected":false},"excerpt":{"rendered":"<p>Valdymo skydelis U\u017esakymai Atisiuntimai Adresai Paskyros informacija Atsijungti Valdymo skydelis U\u017esakymai Atisiuntimai Adresai Paskyros informacija Atsijungti Sveiki, asvamida-admin@wpengine.local! (J\u016bs ne asvamida-admin@wpengine.local? Atsijunkite) Paskyroje galite per\u017ei\u016br\u0117ti savo u\u017esakymus, redaguoti savoregistracijos ir pristatymo adresus bei keisti slapta\u017eod\u012f ir kitus paskyros duomenis.<\/p>\n","protected":false},"author":1,"featured_media":0,"parent":0,"menu_order":0,"comment_status":"closed","ping_status":"closed","template":"","meta":{"_acf_changed":false,"footnotes":""},"class_list":["post-15","page","type-page","status-publish","hentry"],"acf":[],"_links":{"self":[{"href":"https:\/\/www.asvamida.digitalvoid.space\/lt_lt\/wp-json\/wp\/v2\/pages\/15","targetHints":{"allow":["GET"]}}],"collection":[{"href":"https:\/\/www.asvamida.digitalvoid.space\/lt_lt\/wp-json\/wp\/v2\/pages"}],"about":[{"href":"https:\/\/www.asvamida.digitalvoid.space\/lt_lt\/wp-json\/wp\/v2\/types\/page"}],"author":[{"embeddable":true,"href":"https:\/\/www.asvamida.digitalvoid.space\/lt_lt\/wp-json\/wp\/v2\/users\/1"}],"replies":[{"embeddable":true,"href":"https:\/\/www.asvamida.digitalvoid.space\/lt_lt\/wp-json\/wp\/v2\/comments?post=15"}],"version-history":[{"count":6,"href":"https:\/\/www.asvamida.digitalvoid.space\/lt_lt\/wp-json\/wp\/v2\/pages\/15\/revisions"}],"predecessor-version":[{"id":1102,"href":"https:\/\/www.asvamida.digitalvoid.space\/lt_lt\/wp-json\/wp\/v2\/pages\/15\/revisions\/1102"}],"wp:attachment":[{"href":"https:\/\/www.asvamida.digitalvoid.space\/lt_lt\/wp-json\/wp\/v2\/media?parent=15"}],"curies":[{"name":"wp","href":"https:\/\/api.w.org\/{rel}","templated":true}]}}