{"id":84,"date":"2024-12-05T20:44:41","date_gmt":"2024-12-05T20:44:41","guid":{"rendered":"https:\/\/asvamida.digitalvoid.space\/?page_id=84"},"modified":"2025-01-25T18:52:59","modified_gmt":"2025-01-25T18:52:59","slug":"reklama","status":"publish","type":"page","link":"https:\/\/www.asvamida.digitalvoid.space\/lt_lt\/reklama\/","title":{"rendered":"Reklama"},"content":{"rendered":"\t\t<div data-elementor-type=\"wp-page\" data-elementor-id=\"84\" class=\"elementor elementor-84\" data-elementor-post-type=\"page\">\n\t\t\t\t<div class=\"elementor-element elementor-element-f14ea5d e-flex e-con-boxed e-con e-parent\" data-id=\"f14ea5d\" data-element_type=\"container\" data-settings=\"{&quot;background_background&quot;:&quot;classic&quot;}\">\n\t\t\t\t\t<div class=\"e-con-inner\">\n\t\t\t\t<div class=\"elementor-element elementor-element-2d9cc5d elementor-grid-2 elementor-grid-tablet-3 elementor-grid-mobile-2 elementor-products-grid elementor-wc-products elementor-widget elementor-widget-woocommerce-products\" data-id=\"2d9cc5d\" data-element_type=\"widget\" data-widget_type=\"woocommerce-products.default\">\n\t\t\t\t<div class=\"elementor-widget-container\">\n\t\t\t\t\t<div class=\"woocommerce columns-2 \"><ul class=\"products elementor-grid columns-2\">\n<li class=\"product type-product post-963 status-publish first instock product_cat-reklama has-post-thumbnail shipping-taxable purchasable product-type-variable has-default-attributes\">\n\t<a href=\"https:\/\/www.asvamida.digitalvoid.space\/lt_lt\/produktas\/reklama-ant-puspriekabes\/\" class=\"woocommerce-LoopProduct-link woocommerce-loop-product__link\"><img fetchpriority=\"high\" decoding=\"async\" width=\"500\" height=\"500\" src=\"https:\/\/www.asvamida.digitalvoid.space\/wp-content\/uploads\/2025\/01\/Forrd-scaled-500x500.jpg\" class=\"attachment-woocommerce_thumbnail size-woocommerce_thumbnail\" alt=\"sunkve\u017eimis su kieta\u0161one puspriekabe\" srcset=\"https:\/\/www.asvamida.digitalvoid.space\/wp-content\/uploads\/2025\/01\/Forrd-scaled-500x500.jpg 500w, https:\/\/www.asvamida.digitalvoid.space\/wp-content\/uploads\/2025\/01\/Forrd-scaled-100x100.jpg 100w, https:\/\/www.asvamida.digitalvoid.space\/wp-content\/uploads\/2025\/01\/Forrd-150x150.jpg 150w\" sizes=\"(max-width: 500px) 100vw, 500px\" \/><h2 class=\"woocommerce-loop-product__title\">Reklama ant kieta\u0161on\u0117s puspriekab\u0117s<\/h2>\n\t<span class=\"price\"><span class=\"woocommerce-Price-amount amount\" aria-hidden=\"true\"><bdi>1216,00&nbsp;<span class=\"woocommerce-Price-currencySymbol\">&euro;<\/span><\/bdi><\/span> <span aria-hidden=\"true\">&ndash;<\/span> <span class=\"woocommerce-Price-amount amount\" aria-hidden=\"true\"><bdi>5783,00&nbsp;<span class=\"woocommerce-Price-currencySymbol\">&euro;<\/span><\/bdi><\/span><span class=\"screen-reader-text\">Price range: 1216,00&nbsp;&euro; through 5783,00&nbsp;&euro;<\/span><\/span>\n<\/a><div class=\"woocommerce-loop-product__buttons\"><a href=\"https:\/\/www.asvamida.digitalvoid.space\/lt_lt\/produktas\/reklama-ant-puspriekabes\/\" aria-describedby=\"woocommerce_loop_add_to_cart_link_describedby_963\" data-quantity=\"1\" class=\"button product_type_variable add_to_cart_button\" data-product_id=\"963\" data-product_sku=\"\" aria-label=\"Pasirinkti savybes: &ldquo;Reklama ant kieta\u0161on\u0117s puspriekab\u0117s&rdquo;\" rel=\"nofollow\">Pasirinkti savybes<\/a><\/div>\t<span id=\"woocommerce_loop_add_to_cart_link_describedby_963\" class=\"screen-reader-text\">\n\t\tThis product has multiple variants. The options may be chosen on the product page\t<\/span>\n<\/li>\n<li class=\"product type-product post-812 status-publish last instock product_cat-reklama has-post-thumbnail shipping-taxable purchasable product-type-variable has-default-attributes\">\n\t<a href=\"https:\/\/www.asvamida.digitalvoid.space\/lt_lt\/produktas\/reklama-ant-priekabu-tento\/\" class=\"woocommerce-LoopProduct-link woocommerce-loop-product__link\"><img decoding=\"async\" width=\"500\" height=\"500\" src=\"https:\/\/www.asvamida.digitalvoid.space\/wp-content\/uploads\/2025\/01\/20231227_132011-scaled-500x500.jpg\" class=\"attachment-woocommerce_thumbnail size-woocommerce_thumbnail\" alt=\"Reklama ant priekab\u0173 tento\" srcset=\"https:\/\/www.asvamida.digitalvoid.space\/wp-content\/uploads\/2025\/01\/20231227_132011-scaled-500x500.jpg 500w, https:\/\/www.asvamida.digitalvoid.space\/wp-content\/uploads\/2025\/01\/20231227_132011-scaled-100x100.jpg 100w, https:\/\/www.asvamida.digitalvoid.space\/wp-content\/uploads\/2025\/01\/20231227_132011-150x150.jpg 150w\" sizes=\"(max-width: 500px) 100vw, 500px\" \/><h2 class=\"woocommerce-loop-product__title\">Reklama ant priekab\u0173 tento<\/h2>\n\t<span class=\"price\"><span class=\"woocommerce-Price-amount amount\" aria-hidden=\"true\"><bdi>1730,00&nbsp;<span class=\"woocommerce-Price-currencySymbol\">&euro;<\/span><\/bdi><\/span> <span aria-hidden=\"true\">&ndash;<\/span> <span class=\"woocommerce-Price-amount amount\" aria-hidden=\"true\"><bdi>3480,00&nbsp;<span class=\"woocommerce-Price-currencySymbol\">&euro;<\/span><\/bdi><\/span><span class=\"screen-reader-text\">Price range: 1730,00&nbsp;&euro; through 3480,00&nbsp;&euro;<\/span><\/span>\n<\/a><div class=\"woocommerce-loop-product__buttons\"><a href=\"https:\/\/www.asvamida.digitalvoid.space\/lt_lt\/produktas\/reklama-ant-priekabu-tento\/\" aria-describedby=\"woocommerce_loop_add_to_cart_link_describedby_812\" data-quantity=\"1\" class=\"button product_type_variable add_to_cart_button\" data-product_id=\"812\" data-product_sku=\"\" aria-label=\"Pasirinkti savybes: &ldquo;Reklama ant priekab\u0173 tento&rdquo;\" rel=\"nofollow\">Pasirinkti savybes<\/a><\/div>\t<span id=\"woocommerce_loop_add_to_cart_link_describedby_812\" class=\"screen-reader-text\">\n\t\tThis product has multiple variants. The options may be chosen on the product page\t<\/span>\n<\/li>\n<\/ul>\n<\/div>\t\t\t\t<\/div>\n\t\t\t\t<\/div>\n\t\t\t\t\t<\/div>\n\t\t\t\t<\/div>\n\t\t\t\t<\/div>\n\t\t","protected":false},"excerpt":{"rendered":"","protected":false},"author":1,"featured_media":0,"parent":0,"menu_order":0,"comment_status":"closed","ping_status":"closed","template":"","meta":{"_acf_changed":false,"footnotes":""},"class_list":["post-84","page","type-page","status-publish","hentry"],"acf":[],"_links":{"self":[{"href":"https:\/\/www.asvamida.digitalvoid.space\/lt_lt\/wp-json\/wp\/v2\/pages\/84","targetHints":{"allow":["GET"]}}],"collection":[{"href":"https:\/\/www.asvamida.digitalvoid.space\/lt_lt\/wp-json\/wp\/v2\/pages"}],"about":[{"href":"https:\/\/www.asvamida.digitalvoid.space\/lt_lt\/wp-json\/wp\/v2\/types\/page"}],"author":[{"embeddable":true,"href":"https:\/\/www.asvamida.digitalvoid.space\/lt_lt\/wp-json\/wp\/v2\/users\/1"}],"replies":[{"embeddable":true,"href":"https:\/\/www.asvamida.digitalvoid.space\/lt_lt\/wp-json\/wp\/v2\/comments?post=84"}],"version-history":[{"count":52,"href":"https:\/\/www.asvamida.digitalvoid.space\/lt_lt\/wp-json\/wp\/v2\/pages\/84\/revisions"}],"predecessor-version":[{"id":1050,"href":"https:\/\/www.asvamida.digitalvoid.space\/lt_lt\/wp-json\/wp\/v2\/pages\/84\/revisions\/1050"}],"wp:attachment":[{"href":"https:\/\/www.asvamida.digitalvoid.space\/lt_lt\/wp-json\/wp\/v2\/media?parent=84"}],"curies":[{"name":"wp","href":"https:\/\/api.w.org\/{rel}","templated":true}]}}