{"id":812,"date":"2025-01-18T15:10:12","date_gmt":"2025-01-18T15:10:12","guid":{"rendered":"https:\/\/asvamida.digitalvoid.space\/?post_type=product&#038;p=812"},"modified":"2025-06-09T19:44:57","modified_gmt":"2025-06-09T19:44:57","slug":"reklama-ant-priekabu-tento","status":"publish","type":"product","link":"https:\/\/www.asvamida.digitalvoid.space\/lt_lt\/produktas\/reklama-ant-priekabu-tento\/","title":{"rendered":"Reklama ant priekab\u0173 tento"},"content":{"rendered":"<p>Si\u016blome profesionalias reklamos paslaugas priekaboms su tentu. Galite pasirinkti skirtingus tent\u0173 gamybos, maketavimo ir reklamos paketus, atsi\u017evelgiant \u012f norim\u0105 reklamos laikotarp\u012f ir plot\u0105.<\/p>\n<p><strong>Si\u016blome \u0161iuos sprendimus:<\/strong><\/p>\n<ul>\n<li>Pilnas priekabos tentas (6-36 m\u0117n.)<\/li>\n<li>Tik vieno \u0161ono reklama<\/li>\n<li>Individual\u016bs sprendimai pagal J\u016bs\u0173 poreikius<\/li>\n<\/ul>\n<p><strong>Paslaugos privalumai:<\/strong><\/p>\n<ul>\n<li>Auk\u0161tos kokyb\u0117s spaudos technologijos: <em>Economy Plus<\/em> (6-12 m\u0117n.) arba <em>Standard Plus<\/em> (24-36 m\u0117n.)<\/li>\n<li>Patvar\u016bs ir ilgaam\u017eiai tentai, atspar\u016bs aplinkos s\u0105lygoms<\/li>\n<\/ul>\n","protected":false},"excerpt":{"rendered":"<p>Profesionalios reklamos paslaugos priekaboms su tentu pagal J\u016bs\u0173 poreikius. Pasirinkite reikalinga reklamos laikotarp\u012f.<\/p>\n","protected":false},"featured_media":995,"comment_status":"open","ping_status":"closed","template":"","meta":{"_acf_changed":false},"product_brand":[],"product_cat":[20],"product_tag":[],"class_list":{"0":"post-812","1":"product","2":"type-product","3":"status-publish","4":"has-post-thumbnail","6":"product_cat-reklama","8":"first","9":"instock","10":"shipping-taxable","11":"purchasable","12":"product-type-variable","13":"has-default-attributes"},"acf":[],"_links":{"self":[{"href":"https:\/\/www.asvamida.digitalvoid.space\/lt_lt\/wp-json\/wp\/v2\/product\/812","targetHints":{"allow":["GET"]}}],"collection":[{"href":"https:\/\/www.asvamida.digitalvoid.space\/lt_lt\/wp-json\/wp\/v2\/product"}],"about":[{"href":"https:\/\/www.asvamida.digitalvoid.space\/lt_lt\/wp-json\/wp\/v2\/types\/product"}],"replies":[{"embeddable":true,"href":"https:\/\/www.asvamida.digitalvoid.space\/lt_lt\/wp-json\/wp\/v2\/comments?post=812"}],"wp:featuredmedia":[{"embeddable":true,"href":"https:\/\/www.asvamida.digitalvoid.space\/lt_lt\/wp-json\/wp\/v2\/media\/995"}],"wp:attachment":[{"href":"https:\/\/www.asvamida.digitalvoid.space\/lt_lt\/wp-json\/wp\/v2\/media?parent=812"}],"wp:term":[{"taxonomy":"product_brand","embeddable":true,"href":"https:\/\/www.asvamida.digitalvoid.space\/lt_lt\/wp-json\/wp\/v2\/product_brand?post=812"},{"taxonomy":"product_cat","embeddable":true,"href":"https:\/\/www.asvamida.digitalvoid.space\/lt_lt\/wp-json\/wp\/v2\/product_cat?post=812"},{"taxonomy":"product_tag","embeddable":true,"href":"https:\/\/www.asvamida.digitalvoid.space\/lt_lt\/wp-json\/wp\/v2\/product_tag?post=812"}],"curies":[{"name":"wp","href":"https:\/\/api.w.org\/{rel}","templated":true}]}}