{"id":963,"date":"2025-01-25T16:19:13","date_gmt":"2025-01-25T16:19:13","guid":{"rendered":"https:\/\/asvamida.digitalvoid.space\/?post_type=product&#038;p=963"},"modified":"2025-04-27T14:05:27","modified_gmt":"2025-04-27T14:05:27","slug":"reklama-ant-puspriekabes","status":"publish","type":"product","link":"https:\/\/www.asvamida.digitalvoid.space\/lt_lt\/produktas\/reklama-ant-puspriekabes\/","title":{"rendered":"Reklama ant kieta\u0161on\u0117s puspriekab\u0117s"},"content":{"rendered":"<p>Teikiame profesionalias reklamos paslaugas kieta\u0161on\u0117ms puspriekab\u0117ms. Si\u016blome auk\u0161tos kokyb\u0117s reklamos sprendimus pagal individualius poreikius, atsi\u017evelgiant \u012f reklamos laikotarp\u012f ir plot\u0105.<\/p>\n<p><strong>Si\u016blome \u0161iuos sprendimus:<\/strong><\/p>\n<ul>\n<li>Vieno \u0161ono reklama (6-36 m\u0117n.)<\/li>\n<li>Vieno \u0161ono ir galo reklama<\/li>\n<li>Abiej\u0173 \u0161on\u0173 reklama<\/li>\n<li>Tik galo reklama<\/li>\n<\/ul>\n<p><strong>Paslaugos privalumai:<\/strong><\/p>\n<ul>\n<li>Auk\u0161tos kokyb\u0117s spaudos technologijos: <em>Economy Plus<\/em> (6-12 m\u0117n.) arba <em>Standard Plus<\/em> (24-36 m\u0117n.)<\/li>\n<li>Atsparumas aplinkos s\u0105lygoms ir ilgaam\u017ei\u0161kumas<\/li>\n<li>Galimyb\u0117 rinktis i\u0161 \u012fvairi\u0173 reklamos i\u0161d\u0117stymo variant\u0173<\/li>\n<li>Profesionalus maketavimas ir konsultacijos, pritaikytos J\u016bs\u0173 verslui<\/li>\n<\/ul>\n","protected":false},"excerpt":{"rendered":"<p>Efektyvios reklamos paslaugos kieta\u0161on\u0117ms puspriekab\u0117ms. Pasirinkite tinkam\u0105 sprendim\u0105 pagal laikotarp\u012f ir reklamos plot\u0105.<\/p>\n","protected":false},"featured_media":1007,"comment_status":"open","ping_status":"closed","template":"","meta":{"_acf_changed":false},"product_brand":[],"product_cat":[20],"product_tag":[],"class_list":{"0":"post-963","1":"product","2":"type-product","3":"status-publish","4":"has-post-thumbnail","6":"product_cat-reklama","8":"first","9":"instock","10":"shipping-taxable","11":"purchasable","12":"product-type-variable","13":"has-default-attributes"},"acf":[],"_links":{"self":[{"href":"https:\/\/www.asvamida.digitalvoid.space\/lt_lt\/wp-json\/wp\/v2\/product\/963","targetHints":{"allow":["GET"]}}],"collection":[{"href":"https:\/\/www.asvamida.digitalvoid.space\/lt_lt\/wp-json\/wp\/v2\/product"}],"about":[{"href":"https:\/\/www.asvamida.digitalvoid.space\/lt_lt\/wp-json\/wp\/v2\/types\/product"}],"replies":[{"embeddable":true,"href":"https:\/\/www.asvamida.digitalvoid.space\/lt_lt\/wp-json\/wp\/v2\/comments?post=963"}],"wp:featuredmedia":[{"embeddable":true,"href":"https:\/\/www.asvamida.digitalvoid.space\/lt_lt\/wp-json\/wp\/v2\/media\/1007"}],"wp:attachment":[{"href":"https:\/\/www.asvamida.digitalvoid.space\/lt_lt\/wp-json\/wp\/v2\/media?parent=963"}],"wp:term":[{"taxonomy":"product_brand","embeddable":true,"href":"https:\/\/www.asvamida.digitalvoid.space\/lt_lt\/wp-json\/wp\/v2\/product_brand?post=963"},{"taxonomy":"product_cat","embeddable":true,"href":"https:\/\/www.asvamida.digitalvoid.space\/lt_lt\/wp-json\/wp\/v2\/product_cat?post=963"},{"taxonomy":"product_tag","embeddable":true,"href":"https:\/\/www.asvamida.digitalvoid.space\/lt_lt\/wp-json\/wp\/v2\/product_tag?post=963"}],"curies":[{"name":"wp","href":"https:\/\/api.w.org\/{rel}","templated":true}]}}